{"id":60,"date":"2017-03-03T16:33:13","date_gmt":"2017-03-03T15:33:13","guid":{"rendered":"http:\/\/buergerwindpark.suederdeich.de\/?page_id=60"},"modified":"2018-01-28T19:05:28","modified_gmt":"2018-01-28T18:05:28","slug":"rechtsform","status":"publish","type":"page","link":"http:\/\/buergerwindpark.suederdeich.de\/?page_id=60","title":{"rendered":"Rechtsform"},"content":{"rendered":"<p>Die Rechtsform ist die GmbH &amp; Co. KG. Unseren Kommanditisten bietet diese Rechtsform den Vorteil, im Fall eines Falles nur mit ihrer Einlage, nicht jedoch mit ihrem gesamten privaten Verm\u00f6gen haften zu m\u00fcssen.<\/p>\n<p>Alle Einwohner der Gemeinde S\u00fcderdeich hatten die Gelegenheit, sich mit einem Betrag ab 500,- \u20ac am B\u00fcrgerwindpark zu beteiligen. Insgesamt haben 47 B\u00fcrger diese Chance genutzt.<\/p>\n","protected":false},"excerpt":{"rendered":"<p>Die Rechtsform ist die GmbH &amp; Co. KG. Unseren Kommanditisten bietet diese Rechtsform den Vorteil, im Fall eines Falles nur mit ihrer Einlage, nicht jedoch mit ihrem gesamten privaten Verm\u00f6gen haften zu m\u00fcssen. Alle Einwohner der Gemeinde S\u00fcderdeich hatten die Gelegenheit, sich mit einem Betrag ab 500,- \u20ac am B\u00fcrgerwindpark zu beteiligen. Insgesamt haben 47 &hellip; <\/p>\n<p class=\"link-more\"><a href=\"http:\/\/buergerwindpark.suederdeich.de\/?page_id=60\" class=\"more-link\"><span class=\"screen-reader-text\">\u201eRechtsform\u201c<\/span> weiterlesen<\/a><\/p>\n","protected":false},"author":1,"featured_media":0,"parent":0,"menu_order":0,"comment_status":"closed","ping_status":"closed","template":"","meta":{"footnotes":""},"class_list":["post-60","page","type-page","status-publish","hentry"],"_links":{"self":[{"href":"http:\/\/buergerwindpark.suederdeich.de\/index.php?rest_route=\/wp\/v2\/pages\/60","targetHints":{"allow":["GET"]}}],"collection":[{"href":"http:\/\/buergerwindpark.suederdeich.de\/index.php?rest_route=\/wp\/v2\/pages"}],"about":[{"href":"http:\/\/buergerwindpark.suederdeich.de\/index.php?rest_route=\/wp\/v2\/types\/page"}],"author":[{"embeddable":true,"href":"http:\/\/buergerwindpark.suederdeich.de\/index.php?rest_route=\/wp\/v2\/users\/1"}],"replies":[{"embeddable":true,"href":"http:\/\/buergerwindpark.suederdeich.de\/index.php?rest_route=%2Fwp%2Fv2%2Fcomments&post=60"}],"version-history":[{"count":2,"href":"http:\/\/buergerwindpark.suederdeich.de\/index.php?rest_route=\/wp\/v2\/pages\/60\/revisions"}],"predecessor-version":[{"id":100,"href":"http:\/\/buergerwindpark.suederdeich.de\/index.php?rest_route=\/wp\/v2\/pages\/60\/revisions\/100"}],"wp:attachment":[{"href":"http:\/\/buergerwindpark.suederdeich.de\/index.php?rest_route=%2Fwp%2Fv2%2Fmedia&parent=60"}],"curies":[{"name":"wp","href":"https:\/\/api.w.org\/{rel}","templated":true}]}}