{"id":142,"date":"2019-07-09T07:27:24","date_gmt":"2019-07-09T06:27:24","guid":{"rendered":"http:\/\/buergerwindpark.suederdeich.de\/?page_id=142"},"modified":"2023-07-16T09:57:07","modified_gmt":"2023-07-16T08:57:07","slug":"lichtkonzert","status":"publish","type":"page","link":"http:\/\/buergerwindpark.suederdeich.de\/?page_id=142","title":{"rendered":"LichtKonzert"},"content":{"rendered":"\n<h2 class=\"has-text-align-center wp-block-heading\">Licht und Klang im Dialog<\/h2>\n\n\n\n<p class=\"has-medium-font-size\">Lichtkonzert am 07.08.2019 <\/p>\n\n\n\n<p>zu Werken von J. S. Bach, C. Franck, J. Alain und einem\nProlog von G.Meyer-Hahn <\/p>\n\n\n\n<p>Klang-Farbkomposition : Gisela Meyer-Hahn <br> an der Klapmeyer-Orgel: Gunnar Sundebo<\/p>\n\n\n<div class=\"wp-block-image\">\n<figure class=\"alignleft\"><img loading=\"lazy\" decoding=\"async\" width=\"1024\" height=\"683\" src=\"http:\/\/buergerwindpark.suederdeich.de\/wp-content\/uploads\/2020\/01\/Orgel-1024x683.jpg\" alt=\"Die Klapmeyer Orgel\" class=\"wp-image-161\" srcset=\"http:\/\/buergerwindpark.suederdeich.de\/wp-content\/uploads\/2020\/01\/Orgel-1024x683.jpg 1024w, http:\/\/buergerwindpark.suederdeich.de\/wp-content\/uploads\/2020\/01\/Orgel-150x100.jpg 150w, http:\/\/buergerwindpark.suederdeich.de\/wp-content\/uploads\/2020\/01\/Orgel-300x200.jpg 300w, http:\/\/buergerwindpark.suederdeich.de\/wp-content\/uploads\/2020\/01\/Orgel-768x512.jpg 768w\" sizes=\"auto, (max-width: 767px) 89vw, (max-width: 1000px) 54vw, (max-width: 1071px) 543px, 580px\" \/><figcaption class=\"wp-element-caption\">Die Orgel erstrahlt in vielen Farben<\/figcaption><\/figure>\n<\/div>\n\n\n<p><\/p>\n\n\n\n<figure class=\"wp-block-image\"><img loading=\"lazy\" decoding=\"async\" width=\"1024\" height=\"683\" src=\"http:\/\/buergerwindpark.suederdeich.de\/wp-content\/uploads\/2020\/01\/Altar-im-Licht-1024x683.jpg\" alt=\"\" class=\"wp-image-160\" srcset=\"http:\/\/buergerwindpark.suederdeich.de\/wp-content\/uploads\/2020\/01\/Altar-im-Licht-1024x683.jpg 1024w, http:\/\/buergerwindpark.suederdeich.de\/wp-content\/uploads\/2020\/01\/Altar-im-Licht-150x100.jpg 150w, http:\/\/buergerwindpark.suederdeich.de\/wp-content\/uploads\/2020\/01\/Altar-im-Licht-300x200.jpg 300w, http:\/\/buergerwindpark.suederdeich.de\/wp-content\/uploads\/2020\/01\/Altar-im-Licht-768x512.jpg 768w\" sizes=\"auto, (max-width: 767px) 89vw, (max-width: 1000px) 54vw, (max-width: 1071px) 543px, 580px\" \/><figcaption class=\"wp-element-caption\">Altarraum <\/figcaption><\/figure>\n\n\n\n<p>Ein besonderes Konzert fand am Mittwoch, 07.08.2019 in Wesselburen in der St. Bartholom\u00e4us Kirche statt. <br>Gisela Meyer-Hahn ist  Dipl. Designerin und freischaffende K\u00fcnstlerin aus Pinneberg. Sie schafft LichtKompositionen, in denen die Sinneswahrnehmungen, die als Farbe, Klang und Licht erscheinen, verschmelzen. F\u00fcr Menschen und R\u00e4ume. Durch die k\u00fcnstlerische Wandlung erlebt man die Dimension des Raumes immer wieder neu in einzigartigen Atmosph\u00e4ren. Gunnar Sundebo ist vielen in der Gemeinde als Kirchenmusiker und Kantor gut bekannt. Die ber\u00fchmte Klapmeyer Orgel mit ihrem besonderen Klang ert\u00f6nt regelm\u00e4\u00dfig zu Gottesdiensten und im Sommer bei den Orgelkonzerten. Dann jedoch auch von anderen Musikern gespielt. Die Idee, die Wesselburener Kirche in ein einzigartiges Licht zu tauchen und mit Kl\u00e4ngen der wunderbaren Klapmeyer-Orgel zu verbinden und damit die Menschen zum Staunen und Tr\u00e4umen zu bringen, wurde erfolgreich umgesetzt. Erst im November letzten Jahres hat Gisela Meyer-Hahn die Christuskirche in Pinneberg und den Rathausturm von F\u00fcrth \/ Bayern in ein zauberhaftes Licht getaucht. U. a. zu dem Werk \u201eNuages\u201c von Claude Debussy. Im Jahr 2016 fand ein Lichtkonzert in der Maria-Magdalenen-Kirche zu Marne im Rahmen des SHMF statt, im Jahr 2017 gestaltete sie die Fassade des B\u00fcsumer Hochhauses als Teil der B\u00fcsumer Lichterwoche. Eine aufwendige Au\u00dfenbeleuchtung durch 8 spezielle hochenergieeffiziente Scheinwerfer und synchron dazu eine Innenraumbeleuchtung durch ca. 50 Scheinwerfer geben lie\u00dfen die Kirche in einem immer wieder wechselnem Licht erscheinen. Die Farben der Scheinwerfer entwickelte die K\u00fcnstlerin live am Lichtmischpult &#8211; sowohl f\u00fcr das Innere der Kirche als auch Au\u00dfen &#8211; stets im Zusammenspiel mit den Kl\u00e4ngen der Orgel. So entstand ein Erlebnis der besonderen Art, da Licht und Klang tats\u00e4chlich im Dialog waren. Die Lichtkomposition wurde  von Gisela Meyer-Hahn speziell daf\u00fcr zu den ausgesuchten Musikst\u00fccken erstellt. Jeder Ton wurde mit einem bestimmten Farbton in Einklang gebracht, ein Genuss f\u00fcr Auge und Ohr. So individuell wie die Musik war dann auch die Erscheinung der verschiedenen Farben &#8211; eben Licht und Klang im Dialog. Jeder, der am Sommerabend vor Ort war, konnte den Anblick der in Licht getauchten Kirche bewundern. <br> <\/p>\n\n\n\n<p>Der eingespielte Erl\u00f6s des Konzertes wird f\u00fcr die Sanierung des Glockengel\u00e4uts derSt. Bartholom\u00e4us Kirche zu Wesselburen verwendet. <\/p>\n","protected":false},"excerpt":{"rendered":"<p>Licht und Klang im Dialog Lichtkonzert am 07.08.2019 zu Werken von J. S. Bach, C. Franck, J. Alain und einem Prolog von G.Meyer-Hahn Klang-Farbkomposition : Gisela Meyer-Hahn an der Klapmeyer-Orgel: Gunnar Sundebo Ein besonderes Konzert fand am Mittwoch, 07.08.2019 in Wesselburen in der St. Bartholom\u00e4us Kirche statt. Gisela Meyer-Hahn ist Dipl. Designerin und freischaffende K\u00fcnstlerin &hellip; <\/p>\n<p class=\"link-more\"><a href=\"http:\/\/buergerwindpark.suederdeich.de\/?page_id=142\" class=\"more-link\"><span class=\"screen-reader-text\">\u201eLichtKonzert\u201c<\/span> weiterlesen<\/a><\/p>\n","protected":false},"author":2,"featured_media":162,"parent":0,"menu_order":0,"comment_status":"closed","ping_status":"closed","template":"","meta":{"footnotes":""},"class_list":["post-142","page","type-page","status-publish","has-post-thumbnail","hentry"],"_links":{"self":[{"href":"http:\/\/buergerwindpark.suederdeich.de\/index.php?rest_route=\/wp\/v2\/pages\/142","targetHints":{"allow":["GET"]}}],"collection":[{"href":"http:\/\/buergerwindpark.suederdeich.de\/index.php?rest_route=\/wp\/v2\/pages"}],"about":[{"href":"http:\/\/buergerwindpark.suederdeich.de\/index.php?rest_route=\/wp\/v2\/types\/page"}],"author":[{"embeddable":true,"href":"http:\/\/buergerwindpark.suederdeich.de\/index.php?rest_route=\/wp\/v2\/users\/2"}],"replies":[{"embeddable":true,"href":"http:\/\/buergerwindpark.suederdeich.de\/index.php?rest_route=%2Fwp%2Fv2%2Fcomments&post=142"}],"version-history":[{"count":6,"href":"http:\/\/buergerwindpark.suederdeich.de\/index.php?rest_route=\/wp\/v2\/pages\/142\/revisions"}],"predecessor-version":[{"id":192,"href":"http:\/\/buergerwindpark.suederdeich.de\/index.php?rest_route=\/wp\/v2\/pages\/142\/revisions\/192"}],"wp:featuredmedia":[{"embeddable":true,"href":"http:\/\/buergerwindpark.suederdeich.de\/index.php?rest_route=\/wp\/v2\/media\/162"}],"wp:attachment":[{"href":"http:\/\/buergerwindpark.suederdeich.de\/index.php?rest_route=%2Fwp%2Fv2%2Fmedia&parent=142"}],"curies":[{"name":"wp","href":"https:\/\/api.w.org\/{rel}","templated":true}]}}